{"id":68,"date":"2025-09-12T09:17:01","date_gmt":"2025-09-12T09:17:01","guid":{"rendered":"http:\/\/ecoenergiarenovable.es\/?page_id=68"},"modified":"2025-09-18T09:23:24","modified_gmt":"2025-09-18T09:23:24","slug":"sobre-nosotros","status":"publish","type":"page","link":"https:\/\/ecoenergiarenovable.es\/index.php\/es\/sobre-nosotros\/","title":{"rendered":"Sobre Nosotros"},"content":{"rendered":"\t\t<div data-elementor-type=\"wp-page\" data-elementor-id=\"68\" class=\"elementor elementor-68\" data-elementor-post-type=\"page\">\n\t\t\t\t<div class=\"elementor-element elementor-element-67285353 e-flex e-con-boxed e-con e-parent\" data-id=\"67285353\" data-element_type=\"container\" data-e-type=\"container\" data-settings=\"{&quot;background_background&quot;:&quot;classic&quot;}\">\n\t\t\t\t\t<div class=\"e-con-inner\">\n\t\t<div class=\"elementor-element elementor-element-29bfaf26 e-con-full e-flex e-con e-child\" data-id=\"29bfaf26\" data-element_type=\"container\" data-e-type=\"container\" data-settings=\"{&quot;background_background&quot;:&quot;classic&quot;}\">\n\t\t\t\t<div class=\"elementor-element elementor-element-23c492d9 elementor-widget elementor-widget-heading\" data-id=\"23c492d9\" data-element_type=\"widget\" data-e-type=\"widget\" data-widget_type=\"heading.default\">\n\t\t\t\t\t<h1 class=\"elementor-heading-title elementor-size-default\">Sobre Nosotros<\/h1>\t\t\t\t<\/div>\n\t\t\t\t<\/div>\n\t\t<div class=\"elementor-element elementor-element-415ccc38 e-con-full e-flex e-con e-child\" data-id=\"415ccc38\" data-element_type=\"container\" data-e-type=\"container\">\n\t\t\t\t<\/div>\n\t\t\t\t\t<\/div>\n\t\t\t\t<\/div>\n\t\t<div class=\"elementor-element elementor-element-77adf790 e-flex e-con-boxed e-con e-parent\" data-id=\"77adf790\" data-element_type=\"container\" data-e-type=\"container\" data-settings=\"{&quot;background_background&quot;:&quot;classic&quot;}\">\n\t\t\t\t\t<div class=\"e-con-inner\">\n\t\t<div class=\"elementor-element elementor-element-5c5db117 e-con-full elementor-hidden-mobile e-flex e-con e-child\" data-id=\"5c5db117\" data-element_type=\"container\" data-e-type=\"container\">\n\t\t<div class=\"elementor-element elementor-element-30c882bc e-flex e-con-boxed e-con e-child\" data-id=\"30c882bc\" data-element_type=\"container\" data-e-type=\"container\">\n\t\t\t\t\t<div class=\"e-con-inner\">\n\t\t\t\t<div class=\"elementor-element elementor-element-5754d59e elementor-invisible elementor-widget elementor-widget-image\" data-id=\"5754d59e\" data-element_type=\"widget\" data-e-type=\"widget\" data-settings=\"{&quot;motion_fx_motion_fx_scrolling&quot;:&quot;yes&quot;,&quot;motion_fx_translateY_effect&quot;:&quot;yes&quot;,&quot;motion_fx_translateY_speed&quot;:{&quot;unit&quot;:&quot;px&quot;,&quot;size&quot;:&quot;2&quot;,&quot;sizes&quot;:[]},&quot;motion_fx_devices&quot;:[&quot;desktop&quot;],&quot;_animation&quot;:&quot;fadeIn&quot;,&quot;motion_fx_translateY_affectedRange&quot;:{&quot;unit&quot;:&quot;%&quot;,&quot;size&quot;:&quot;&quot;,&quot;sizes&quot;:{&quot;start&quot;:0,&quot;end&quot;:100}}}\" data-widget_type=\"image.default\">\n\t\t\t\t\t\t\t\t\t\t\t\t\t\t\t<img fetchpriority=\"high\" decoding=\"async\" width=\"683\" height=\"1024\" src=\"https:\/\/ecoenergiarenovable.es\/wp-content\/uploads\/2025\/09\/vert-04-683x1024.jpg\" class=\"attachment-large size-large wp-image-118\" alt=\"\" srcset=\"https:\/\/ecoenergiarenovable.es\/wp-content\/uploads\/2025\/09\/vert-04-683x1024.jpg 683w, https:\/\/ecoenergiarenovable.es\/wp-content\/uploads\/2025\/09\/vert-04-200x300.jpg 200w, https:\/\/ecoenergiarenovable.es\/wp-content\/uploads\/2025\/09\/vert-04-768x1152.jpg 768w, https:\/\/ecoenergiarenovable.es\/wp-content\/uploads\/2025\/09\/vert-04-1024x1536.jpg 1024w, https:\/\/ecoenergiarenovable.es\/wp-content\/uploads\/2025\/09\/vert-04.jpg 1280w\" sizes=\"(max-width: 683px) 100vw, 683px\" \/>\t\t\t\t\t\t\t\t\t\t\t\t\t\t\t<\/div>\n\t\t\t\t\t<\/div>\n\t\t\t\t<\/div>\n\t\t<div class=\"elementor-element elementor-element-241d8041 e-flex e-con-boxed e-con e-child\" data-id=\"241d8041\" data-element_type=\"container\" data-e-type=\"container\">\n\t\t\t\t\t<div class=\"e-con-inner\">\n\t\t\t\t<div class=\"elementor-element elementor-element-4c6d4922 elementor-invisible elementor-widget elementor-widget-image\" data-id=\"4c6d4922\" data-element_type=\"widget\" data-e-type=\"widget\" data-settings=\"{&quot;motion_fx_motion_fx_scrolling&quot;:&quot;yes&quot;,&quot;motion_fx_translateY_effect&quot;:&quot;yes&quot;,&quot;motion_fx_translateY_direction&quot;:&quot;negative&quot;,&quot;motion_fx_translateY_speed&quot;:{&quot;unit&quot;:&quot;px&quot;,&quot;size&quot;:&quot;2&quot;,&quot;sizes&quot;:[]},&quot;motion_fx_devices&quot;:[&quot;desktop&quot;],&quot;_animation&quot;:&quot;fadeIn&quot;,&quot;motion_fx_translateY_affectedRange&quot;:{&quot;unit&quot;:&quot;%&quot;,&quot;size&quot;:&quot;&quot;,&quot;sizes&quot;:{&quot;start&quot;:0,&quot;end&quot;:100}}}\" data-widget_type=\"image.default\">\n\t\t\t\t\t\t\t\t\t\t\t\t\t\t\t<img decoding=\"async\" width=\"683\" height=\"1024\" src=\"https:\/\/ecoenergiarenovable.es\/wp-content\/uploads\/2025\/09\/vert-03-683x1024.jpg\" class=\"attachment-large size-large wp-image-37\" alt=\"\" srcset=\"https:\/\/ecoenergiarenovable.es\/wp-content\/uploads\/2025\/09\/vert-03-683x1024.jpg 683w, https:\/\/ecoenergiarenovable.es\/wp-content\/uploads\/2025\/09\/vert-03-200x300.jpg 200w, https:\/\/ecoenergiarenovable.es\/wp-content\/uploads\/2025\/09\/vert-03-768x1152.jpg 768w, https:\/\/ecoenergiarenovable.es\/wp-content\/uploads\/2025\/09\/vert-03-1024x1536.jpg 1024w, https:\/\/ecoenergiarenovable.es\/wp-content\/uploads\/2025\/09\/vert-03.jpg 1280w\" sizes=\"(max-width: 683px) 100vw, 683px\" \/>\t\t\t\t\t\t\t\t\t\t\t\t\t\t\t<\/div>\n\t\t\t\t\t<\/div>\n\t\t\t\t<\/div>\n\t\t\t\t<\/div>\n\t\t<div class=\"elementor-element elementor-element-65d8e54e e-con-full e-flex elementor-invisible e-con e-child\" data-id=\"65d8e54e\" data-element_type=\"container\" data-e-type=\"container\" data-settings=\"{&quot;animation&quot;:&quot;fadeIn&quot;}\">\n\t\t\t\t<div class=\"elementor-element elementor-element-60e27099 elementor-widget elementor-widget-heading\" data-id=\"60e27099\" data-element_type=\"widget\" data-e-type=\"widget\" data-widget_type=\"heading.default\">\n\t\t\t\t\t<h2 class=\"elementor-heading-title elementor-size-default\">Construir un Futuro Sostenible con Energ\u00eda Solar<\/h2>\t\t\t\t<\/div>\n\t\t\t\t<div class=\"elementor-element elementor-element-482f4e5 elementor-widget elementor-widget-heading\" data-id=\"482f4e5\" data-element_type=\"widget\" data-e-type=\"widget\" data-widget_type=\"heading.default\">\n\t\t\t\t\t<p class=\"elementor-heading-title elementor-size-default\">En EcoEnerg\u00eda creemos en un futuro m\u00e1s limpio y responsable, impulsado por la fuerza inagotable del sol. Nuestra misi\u00f3n es acercar la energ\u00eda renovable a hogares, empresas y comunidades, con soluciones innovadoras que reducen el impacto ambiental y fomentan un estilo de vida sostenible.<\/p>\t\t\t\t<\/div>\n\t\t<div class=\"elementor-element elementor-element-195b65fd e-flex e-con-boxed e-con e-child\" data-id=\"195b65fd\" data-element_type=\"container\" data-e-type=\"container\">\n\t\t\t\t\t<div class=\"e-con-inner\">\n\t\t\t\t<div class=\"elementor-element elementor-element-686a034a elementor-widget elementor-widget-heading\" data-id=\"686a034a\" data-element_type=\"widget\" data-e-type=\"widget\" data-widget_type=\"heading.default\">\n\t\t\t\t\t<p class=\"elementor-heading-title elementor-size-default\">Instalaciones Fotovoltaicas<\/p>\t\t\t\t<\/div>\n\t\t\t\t<div class=\"elementor-element elementor-element-b6358d3 elementor-widget elementor-widget-progress\" data-id=\"b6358d3\" data-element_type=\"widget\" data-e-type=\"widget\" data-widget_type=\"progress.default\">\n\t\t\t\t\t\n\t\t<div class=\"elementor-progress-wrapper\" role=\"progressbar\" aria-valuemin=\"0\" aria-valuemax=\"100\" aria-valuenow=\"80\">\n\t\t\t<div class=\"elementor-progress-bar\" data-max=\"80\">\n\t\t\t\t<span class=\"elementor-progress-text\"><\/span>\n\t\t\t\t\t\t\t<\/div>\n\t\t<\/div>\n\t\t\t\t\t\t<\/div>\n\t\t\t\t<div class=\"elementor-element elementor-element-56d5c136 elementor-widget elementor-widget-heading\" data-id=\"56d5c136\" data-element_type=\"widget\" data-e-type=\"widget\" data-widget_type=\"heading.default\">\n\t\t\t\t\t<p class=\"elementor-heading-title elementor-size-default\">Consultor\u00eda Energ\u00e9tica<\/p>\t\t\t\t<\/div>\n\t\t\t\t<div class=\"elementor-element elementor-element-67970225 elementor-widget elementor-widget-progress\" data-id=\"67970225\" data-element_type=\"widget\" data-e-type=\"widget\" data-widget_type=\"progress.default\">\n\t\t\t\t\t\n\t\t<div class=\"elementor-progress-wrapper\" role=\"progressbar\" aria-valuemin=\"0\" aria-valuemax=\"100\" aria-valuenow=\"75\">\n\t\t\t<div class=\"elementor-progress-bar\" data-max=\"75\">\n\t\t\t\t<span class=\"elementor-progress-text\"><\/span>\n\t\t\t\t\t\t\t<\/div>\n\t\t<\/div>\n\t\t\t\t\t\t<\/div>\n\t\t\t\t<div class=\"elementor-element elementor-element-28c153b3 elementor-widget elementor-widget-heading\" data-id=\"28c153b3\" data-element_type=\"widget\" data-e-type=\"widget\" data-widget_type=\"heading.default\">\n\t\t\t\t\t<p class=\"elementor-heading-title elementor-size-default\">Mantenimiento y Monitorizaci\u00f3n<\/p>\t\t\t\t<\/div>\n\t\t\t\t<div class=\"elementor-element elementor-element-561f9a8d elementor-widget elementor-widget-progress\" data-id=\"561f9a8d\" data-element_type=\"widget\" data-e-type=\"widget\" data-widget_type=\"progress.default\">\n\t\t\t\t\t\n\t\t<div class=\"elementor-progress-wrapper\" role=\"progressbar\" aria-valuemin=\"0\" aria-valuemax=\"100\" aria-valuenow=\"78\">\n\t\t\t<div class=\"elementor-progress-bar\" data-max=\"78\">\n\t\t\t\t<span class=\"elementor-progress-text\"><\/span>\n\t\t\t\t\t\t\t<\/div>\n\t\t<\/div>\n\t\t\t\t\t\t<\/div>\n\t\t\t\t<div class=\"elementor-element elementor-element-1d633341 elementor-widget elementor-widget-button\" data-id=\"1d633341\" data-element_type=\"widget\" data-e-type=\"widget\" data-widget_type=\"button.default\">\n\t\t\t\t\t\t\t\t\t\t<a class=\"elementor-button elementor-button-link elementor-size-sm\" href=\"https:\/\/ecoenergiarenovable.es\/index.php\/contacto\/\">\n\t\t\t\t\t\t<span class=\"elementor-button-content-wrapper\">\n\t\t\t\t\t\t\t\t\t<span class=\"elementor-button-text\">Contacto<\/span>\n\t\t\t\t\t<\/span>\n\t\t\t\t\t<\/a>\n\t\t\t\t\t\t\t\t<\/div>\n\t\t\t\t\t<\/div>\n\t\t\t\t<\/div>\n\t\t\t\t<\/div>\n\t\t\t\t\t<\/div>\n\t\t\t\t<\/div>\n\t\t<div class=\"elementor-element elementor-element-1a8be2fb e-flex e-con-boxed e-con e-parent\" data-id=\"1a8be2fb\" data-element_type=\"container\" data-e-type=\"container\" data-settings=\"{&quot;background_background&quot;:&quot;classic&quot;}\">\n\t\t\t\t\t<div class=\"e-con-inner\">\n\t\t<div class=\"elementor-element elementor-element-3be5be6 e-con-full e-flex e-con e-child\" data-id=\"3be5be6\" data-element_type=\"container\" data-e-type=\"container\">\n\t\t\t\t<div class=\"elementor-element elementor-element-5bd48b2c elementor-widget elementor-widget-heading\" data-id=\"5bd48b2c\" data-element_type=\"widget\" data-e-type=\"widget\" data-widget_type=\"heading.default\">\n\t\t\t\t\t<h2 class=\"elementor-heading-title elementor-size-default\">Nuestras Soluciones Solares<\/h2>\t\t\t\t<\/div>\n\t\t\t\t<div class=\"elementor-element elementor-element-7d3d3c4d elementor-widget elementor-widget-heading\" data-id=\"7d3d3c4d\" data-element_type=\"widget\" data-e-type=\"widget\" data-widget_type=\"heading.default\">\n\t\t\t\t\t<p class=\"elementor-heading-title elementor-size-default\">Descubre nuestros servicios integrales en energ\u00eda solar, dise\u00f1ados para hogares y empresas. Desde la instalaci\u00f3n hasta el mantenimiento, te acompa\u00f1amos en cada paso para garantizar un futuro m\u00e1s verde, eficiente y sostenible<\/p>\t\t\t\t<\/div>\n\t\t\t\t<\/div>\n\t\t<div class=\"elementor-element elementor-element-27afa56d e-con-full e-flex e-con e-child\" data-id=\"27afa56d\" data-element_type=\"container\" data-e-type=\"container\">\n\t\t<div class=\"elementor-element elementor-element-2ee516a4 e-flex e-con-boxed elementor-invisible e-con e-child\" data-id=\"2ee516a4\" data-element_type=\"container\" data-e-type=\"container\" data-settings=\"{&quot;animation&quot;:&quot;fadeIn&quot;}\">\n\t\t\t\t\t<div class=\"e-con-inner\">\n\t\t\t\t<div class=\"elementor-element elementor-element-19676fc2 elementor-widget elementor-widget-image\" data-id=\"19676fc2\" data-element_type=\"widget\" data-e-type=\"widget\" data-widget_type=\"image.default\">\n\t\t\t\t\t\t\t\t\t\t\t\t\t\t\t<img decoding=\"async\" width=\"400\" height=\"400\" src=\"https:\/\/ecoenergiarenovable.es\/wp-content\/uploads\/2025\/09\/ico-06.png\" class=\"attachment-large size-large wp-image-29\" alt=\"\" srcset=\"https:\/\/ecoenergiarenovable.es\/wp-content\/uploads\/2025\/09\/ico-06.png 400w, https:\/\/ecoenergiarenovable.es\/wp-content\/uploads\/2025\/09\/ico-06-300x300.png 300w, https:\/\/ecoenergiarenovable.es\/wp-content\/uploads\/2025\/09\/ico-06-150x150.png 150w\" sizes=\"(max-width: 400px) 100vw, 400px\" \/>\t\t\t\t\t\t\t\t\t\t\t\t\t\t\t<\/div>\n\t\t\t\t<div class=\"elementor-element elementor-element-2bde0d2 elementor-widget elementor-widget-heading\" data-id=\"2bde0d2\" data-element_type=\"widget\" data-e-type=\"widget\" data-widget_type=\"heading.default\">\n\t\t\t\t\t<h4 class=\"elementor-heading-title elementor-size-default\">Instalaci\u00f3n Solar<\/h4>\t\t\t\t<\/div>\n\t\t\t\t<div class=\"elementor-element elementor-element-1cf0ed68 elementor-widget elementor-widget-heading\" data-id=\"1cf0ed68\" data-element_type=\"widget\" data-e-type=\"widget\" data-widget_type=\"heading.default\">\n\t\t\t\t\t<p class=\"elementor-heading-title elementor-size-default\">Instalaciones fotovoltaicas a medida para autoconsumo y eficiencia energ\u00e9tica.<\/p>\t\t\t\t<\/div>\n\t\t\t\t\t<\/div>\n\t\t\t\t<\/div>\n\t\t<div class=\"elementor-element elementor-element-2a152 e-flex e-con-boxed elementor-invisible e-con e-child\" data-id=\"2a152\" data-element_type=\"container\" data-e-type=\"container\" data-settings=\"{&quot;animation&quot;:&quot;fadeIn&quot;,&quot;animation_delay&quot;:&quot;200&quot;}\">\n\t\t\t\t\t<div class=\"e-con-inner\">\n\t\t\t\t<div class=\"elementor-element elementor-element-3316c25a elementor-widget elementor-widget-image\" data-id=\"3316c25a\" data-element_type=\"widget\" data-e-type=\"widget\" data-widget_type=\"image.default\">\n\t\t\t\t\t\t\t\t\t\t\t\t\t\t\t<img loading=\"lazy\" decoding=\"async\" width=\"400\" height=\"400\" src=\"https:\/\/ecoenergiarenovable.es\/wp-content\/uploads\/2025\/09\/ico-03.png\" class=\"attachment-large size-large wp-image-120\" alt=\"\" srcset=\"https:\/\/ecoenergiarenovable.es\/wp-content\/uploads\/2025\/09\/ico-03.png 400w, https:\/\/ecoenergiarenovable.es\/wp-content\/uploads\/2025\/09\/ico-03-300x300.png 300w, https:\/\/ecoenergiarenovable.es\/wp-content\/uploads\/2025\/09\/ico-03-150x150.png 150w\" sizes=\"(max-width: 400px) 100vw, 400px\" \/>\t\t\t\t\t\t\t\t\t\t\t\t\t\t\t<\/div>\n\t\t\t\t<div class=\"elementor-element elementor-element-ebac637 elementor-widget elementor-widget-heading\" data-id=\"ebac637\" data-element_type=\"widget\" data-e-type=\"widget\" data-widget_type=\"heading.default\">\n\t\t\t\t\t<h4 class=\"elementor-heading-title elementor-size-default\">Mantenimiento Ecol\u00f3gico<\/h4>\t\t\t\t<\/div>\n\t\t\t\t<div class=\"elementor-element elementor-element-7814948e elementor-widget elementor-widget-heading\" data-id=\"7814948e\" data-element_type=\"widget\" data-e-type=\"widget\" data-widget_type=\"heading.default\">\n\t\t\t\t\t<p class=\"elementor-heading-title elementor-size-default\">Revisiones y mantenimiento profesional para un rendimiento solar \u00f3ptimo.<\/p>\t\t\t\t<\/div>\n\t\t\t\t\t<\/div>\n\t\t\t\t<\/div>\n\t\t<div class=\"elementor-element elementor-element-1a41bf81 e-flex e-con-boxed elementor-invisible e-con e-child\" data-id=\"1a41bf81\" data-element_type=\"container\" data-e-type=\"container\" data-settings=\"{&quot;animation&quot;:&quot;fadeIn&quot;,&quot;animation_delay&quot;:&quot;400&quot;}\">\n\t\t\t\t\t<div class=\"e-con-inner\">\n\t\t\t\t<div class=\"elementor-element elementor-element-1d3880c8 elementor-widget elementor-widget-image\" data-id=\"1d3880c8\" data-element_type=\"widget\" data-e-type=\"widget\" data-widget_type=\"image.default\">\n\t\t\t\t\t\t\t\t\t\t\t\t\t\t\t<img loading=\"lazy\" decoding=\"async\" width=\"400\" height=\"400\" src=\"https:\/\/ecoenergiarenovable.es\/wp-content\/uploads\/2025\/09\/ico-05.png\" class=\"attachment-large size-large wp-image-121\" alt=\"\" srcset=\"https:\/\/ecoenergiarenovable.es\/wp-content\/uploads\/2025\/09\/ico-05.png 400w, https:\/\/ecoenergiarenovable.es\/wp-content\/uploads\/2025\/09\/ico-05-300x300.png 300w, https:\/\/ecoenergiarenovable.es\/wp-content\/uploads\/2025\/09\/ico-05-150x150.png 150w\" sizes=\"(max-width: 400px) 100vw, 400px\" \/>\t\t\t\t\t\t\t\t\t\t\t\t\t\t\t<\/div>\n\t\t\t\t<div class=\"elementor-element elementor-element-50a5b401 elementor-widget elementor-widget-heading\" data-id=\"50a5b401\" data-element_type=\"widget\" data-e-type=\"widget\" data-widget_type=\"heading.default\">\n\t\t\t\t\t<h4 class=\"elementor-heading-title elementor-size-default\">Monitorizaci\u00f3n Inteligente<\/h4>\t\t\t\t<\/div>\n\t\t\t\t<div class=\"elementor-element elementor-element-27bcf668 elementor-widget elementor-widget-heading\" data-id=\"27bcf668\" data-element_type=\"widget\" data-e-type=\"widget\" data-widget_type=\"heading.default\">\n\t\t\t\t\t<p class=\"elementor-heading-title elementor-size-default\">Control en tiempo real de la producci\u00f3n y el consumo de tu energ\u00eda.<\/p>\t\t\t\t<\/div>\n\t\t\t\t\t<\/div>\n\t\t\t\t<\/div>\n\t\t\t\t<\/div>\n\t\t<div class=\"elementor-element elementor-element-e026f19 e-con-full e-flex e-con e-child\" data-id=\"e026f19\" data-element_type=\"container\" data-e-type=\"container\">\n\t\t<div class=\"elementor-element elementor-element-1337059b e-flex e-con-boxed elementor-invisible e-con e-child\" data-id=\"1337059b\" data-element_type=\"container\" data-e-type=\"container\" data-settings=\"{&quot;animation&quot;:&quot;fadeIn&quot;}\">\n\t\t\t\t\t<div class=\"e-con-inner\">\n\t\t\t\t<div class=\"elementor-element elementor-element-28f2abd9 elementor-widget elementor-widget-image\" data-id=\"28f2abd9\" data-element_type=\"widget\" data-e-type=\"widget\" data-widget_type=\"image.default\">\n\t\t\t\t\t\t\t\t\t\t\t\t\t\t\t<img loading=\"lazy\" decoding=\"async\" width=\"400\" height=\"400\" src=\"https:\/\/ecoenergiarenovable.es\/wp-content\/uploads\/2025\/09\/ico-03.png\" class=\"attachment-large size-large wp-image-120\" alt=\"\" srcset=\"https:\/\/ecoenergiarenovable.es\/wp-content\/uploads\/2025\/09\/ico-03.png 400w, https:\/\/ecoenergiarenovable.es\/wp-content\/uploads\/2025\/09\/ico-03-300x300.png 300w, https:\/\/ecoenergiarenovable.es\/wp-content\/uploads\/2025\/09\/ico-03-150x150.png 150w\" sizes=\"(max-width: 400px) 100vw, 400px\" \/>\t\t\t\t\t\t\t\t\t\t\t\t\t\t\t<\/div>\n\t\t\t\t<div class=\"elementor-element elementor-element-4d3b715c elementor-widget elementor-widget-heading\" data-id=\"4d3b715c\" data-element_type=\"widget\" data-e-type=\"widget\" data-widget_type=\"heading.default\">\n\t\t\t\t\t<h4 class=\"elementor-heading-title elementor-size-default\">Protecci\u00f3n Solar<\/h4>\t\t\t\t<\/div>\n\t\t\t\t<div class=\"elementor-element elementor-element-244c7d01 elementor-widget elementor-widget-heading\" data-id=\"244c7d01\" data-element_type=\"widget\" data-e-type=\"widget\" data-widget_type=\"heading.default\">\n\t\t\t\t\t<p class=\"elementor-heading-title elementor-size-default\">Paneles resistentes y duraderos para un rendimiento garantizado a largo plazo.<\/p>\t\t\t\t<\/div>\n\t\t\t\t\t<\/div>\n\t\t\t\t<\/div>\n\t\t<div class=\"elementor-element elementor-element-4352f2b7 e-flex e-con-boxed elementor-invisible e-con e-child\" data-id=\"4352f2b7\" data-element_type=\"container\" data-e-type=\"container\" data-settings=\"{&quot;animation&quot;:&quot;fadeIn&quot;,&quot;animation_delay&quot;:&quot;200&quot;}\">\n\t\t\t\t\t<div class=\"e-con-inner\">\n\t\t\t\t<div class=\"elementor-element elementor-element-e7029c1 elementor-widget elementor-widget-image\" data-id=\"e7029c1\" data-element_type=\"widget\" data-e-type=\"widget\" data-widget_type=\"image.default\">\n\t\t\t\t\t\t\t\t\t\t\t\t\t\t\t<img loading=\"lazy\" decoding=\"async\" width=\"400\" height=\"400\" src=\"https:\/\/ecoenergiarenovable.es\/wp-content\/uploads\/2025\/09\/ico-02.png\" class=\"attachment-large size-large wp-image-30\" alt=\"\" srcset=\"https:\/\/ecoenergiarenovable.es\/wp-content\/uploads\/2025\/09\/ico-02.png 400w, https:\/\/ecoenergiarenovable.es\/wp-content\/uploads\/2025\/09\/ico-02-300x300.png 300w, https:\/\/ecoenergiarenovable.es\/wp-content\/uploads\/2025\/09\/ico-02-150x150.png 150w\" sizes=\"(max-width: 400px) 100vw, 400px\" \/>\t\t\t\t\t\t\t\t\t\t\t\t\t\t\t<\/div>\n\t\t\t\t<div class=\"elementor-element elementor-element-5c55b126 elementor-widget elementor-widget-heading\" data-id=\"5c55b126\" data-element_type=\"widget\" data-e-type=\"widget\" data-widget_type=\"heading.default\">\n\t\t\t\t\t<h4 class=\"elementor-heading-title elementor-size-default\">Financiaci\u00f3n Flexible<\/h4>\t\t\t\t<\/div>\n\t\t\t\t<div class=\"elementor-element elementor-element-77416364 elementor-widget elementor-widget-heading\" data-id=\"77416364\" data-element_type=\"widget\" data-e-type=\"widget\" data-widget_type=\"heading.default\">\n\t\t\t\t\t<p class=\"elementor-heading-title elementor-size-default\">Opciones de pago adaptadas para que la energ\u00eda solar sea accesible para todos.<\/p>\t\t\t\t<\/div>\n\t\t\t\t\t<\/div>\n\t\t\t\t<\/div>\n\t\t<div class=\"elementor-element elementor-element-56c031a0 e-flex e-con-boxed elementor-invisible e-con e-child\" data-id=\"56c031a0\" data-element_type=\"container\" data-e-type=\"container\" data-settings=\"{&quot;animation&quot;:&quot;fadeIn&quot;,&quot;animation_delay&quot;:&quot;400&quot;}\">\n\t\t\t\t\t<div class=\"e-con-inner\">\n\t\t\t\t<div class=\"elementor-element elementor-element-7530a4d1 elementor-widget elementor-widget-image\" data-id=\"7530a4d1\" data-element_type=\"widget\" data-e-type=\"widget\" data-widget_type=\"image.default\">\n\t\t\t\t\t\t\t\t\t\t\t\t\t\t\t<img loading=\"lazy\" decoding=\"async\" width=\"400\" height=\"400\" src=\"https:\/\/ecoenergiarenovable.es\/wp-content\/uploads\/2025\/09\/ico-01.png\" class=\"attachment-large size-large wp-image-122\" alt=\"\" srcset=\"https:\/\/ecoenergiarenovable.es\/wp-content\/uploads\/2025\/09\/ico-01.png 400w, https:\/\/ecoenergiarenovable.es\/wp-content\/uploads\/2025\/09\/ico-01-300x300.png 300w, https:\/\/ecoenergiarenovable.es\/wp-content\/uploads\/2025\/09\/ico-01-150x150.png 150w\" sizes=\"(max-width: 400px) 100vw, 400px\" \/>\t\t\t\t\t\t\t\t\t\t\t\t\t\t\t<\/div>\n\t\t\t\t<div class=\"elementor-element elementor-element-2a98e0d3 elementor-widget elementor-widget-heading\" data-id=\"2a98e0d3\" data-element_type=\"widget\" data-e-type=\"widget\" data-widget_type=\"heading.default\">\n\t\t\t\t\t<h4 class=\"elementor-heading-title elementor-size-default\">Consultor\u00eda Personalizada<\/h4>\t\t\t\t<\/div>\n\t\t\t\t<div class=\"elementor-element elementor-element-601a1c4f elementor-widget elementor-widget-heading\" data-id=\"601a1c4f\" data-element_type=\"widget\" data-e-type=\"widget\" data-widget_type=\"heading.default\">\n\t\t\t\t\t<p class=\"elementor-heading-title elementor-size-default\">Asesor\u00eda experta para elegir la mejor soluci\u00f3n solar para tu hogar o negocio.<\/p>\t\t\t\t<\/div>\n\t\t\t\t\t<\/div>\n\t\t\t\t<\/div>\n\t\t\t\t<\/div>\n\t\t\t\t\t<\/div>\n\t\t\t\t<\/div>\n\t\t\t\t<\/div>\n\t\t","protected":false},"excerpt":{"rendered":"<p>Construir un Futuro Sostenible con Energ\u00eda Solar En EcoEnerg\u00eda creemos en un futuro m\u00e1s limpio y responsable, impulsado por la fuerza inagotable del sol. Nuestra misi\u00f3n es acercar la energ\u00eda renovable a hogares, empresas y comunidades, con soluciones innovadoras que reducen el impacto ambiental y fomentan un estilo de vida sostenible. Instalaciones Fotovoltaicas Consultor\u00eda Energ\u00e9tica [&hellip;]<\/p>\n","protected":false},"author":1,"featured_media":0,"parent":0,"menu_order":0,"comment_status":"closed","ping_status":"closed","template":"","meta":{"footnotes":""},"class_list":["post-68","page","type-page","status-publish","hentry"],"_links":{"self":[{"href":"https:\/\/ecoenergiarenovable.es\/index.php\/wp-json\/wp\/v2\/pages\/68","targetHints":{"allow":["GET"]}}],"collection":[{"href":"https:\/\/ecoenergiarenovable.es\/index.php\/wp-json\/wp\/v2\/pages"}],"about":[{"href":"https:\/\/ecoenergiarenovable.es\/index.php\/wp-json\/wp\/v2\/types\/page"}],"author":[{"embeddable":true,"href":"https:\/\/ecoenergiarenovable.es\/index.php\/wp-json\/wp\/v2\/users\/1"}],"replies":[{"embeddable":true,"href":"https:\/\/ecoenergiarenovable.es\/index.php\/wp-json\/wp\/v2\/comments?post=68"}],"version-history":[{"count":49,"href":"https:\/\/ecoenergiarenovable.es\/index.php\/wp-json\/wp\/v2\/pages\/68\/revisions"}],"predecessor-version":[{"id":257,"href":"https:\/\/ecoenergiarenovable.es\/index.php\/wp-json\/wp\/v2\/pages\/68\/revisions\/257"}],"wp:attachment":[{"href":"https:\/\/ecoenergiarenovable.es\/index.php\/wp-json\/wp\/v2\/media?parent=68"}],"curies":[{"name":"wp","href":"https:\/\/api.w.org\/{rel}","templated":true}]}}